{"id":42,"date":"2016-09-21T11:48:45","date_gmt":"2016-09-21T09:48:45","guid":{"rendered":"http:\/\/192.168.1.70:8000\/?page_id=42"},"modified":"2023-07-05T10:38:32","modified_gmt":"2023-07-05T08:38:32","slug":"contabilita-online","status":"publish","type":"page","link":"https:\/\/www.reol-services.it\/site\/i-nostri-servizi\/contabilita-online","title":{"rendered":"Contabilit\u00e0 Online"},"content":{"rendered":"<p style=\"text-align: justify;\">Questo servizio \u00e8 dedicato a tutti coloro che desiderano tenere sotto controllo l&#8217;andamento dalla propria azienda mediante una gestione contabile ed amministrativa organizzata ma senza per questo dover acquistare dei costosi programmi o utilizzare strumenti generici come ad esempio Word o Excel.<\/p>\n<p style=\"text-align: justify;\">Con <b>Contabilit\u00e0 OnLine<\/b> potrai finalmente organizzare e velocizzare la normale gestione amministrativa condividendone i dati con i tuoi collaboratori, soci e commercialisti. Avrai cos\u00ec la possibilit\u00e0 di gestire <strong>Clienti<\/strong> e <strong>Collaboratori<\/strong>, <strong>Fatture<\/strong> e <strong>Note di Credito<\/strong>, <strong>Ricevute<\/strong> e <strong>Certificazioni delle ritenute<\/strong>. Potrai velocemente aggiornare la <strong>Prima Nota<\/strong> e lo <strong>Scadenziario<\/strong> in base al fatturato, personalizzare\u00a0un tuo <strong>Piano dei Conti<\/strong>\u00a0con i centri di costo e di ricavo da utilizzare sia per il caricamento dei movimenti in &#8220;Prima Nota&#8221; che per l&#8217;elaborazione e stampa del &#8220;<strong>Budget<\/strong>&#8220;.<\/p>\n<p style=\"text-align: justify;\">Oltre a questo, grazie ad una specifica <strong>integrazione con \u201cAntiriciclaggio OnLine\u201d<\/strong> sar\u00e0 possibile alimentare l\u2019archivio dei clienti in base alle informazioni anagrafiche conservate ai fini Antiriciclaggio.<\/p>\n<p style=\"text-align: justify;\"><img decoding=\"async\" loading=\"lazy\" class=\" wp-image-537 alignleft\" style=\"margin-right: 20px;\" src=\"https:\/\/www.reol-services.it\/site\/wp-content\/uploads\/2018\/11\/new_sticker.png\" alt=\"\" width=\"117\" height=\"117\" srcset=\"https:\/\/www.reol-services.it\/site\/wp-content\/uploads\/2018\/11\/new_sticker.png 265w, https:\/\/www.reol-services.it\/site\/wp-content\/uploads\/2018\/11\/new_sticker-150x150.png 150w\" sizes=\"(max-width: 117px) 100vw, 117px\" \/>Contabilit\u00e0 OnLine ti consente di gestire la <span style=\"color: #3b75b8;\"><strong>FATTURAZIONE ELETTRONICA <\/strong><\/span>inviando al Sistema di Interscambio (SdI) le tue <span style=\"color: #30bf30;\"><strong>fatture\u00a0Attive <\/strong><\/span>e visualizzando le tue <span style=\"color: #ff0000;\"><strong>fatture\u00a0Passive<\/strong><\/span>. Una volta che lo SdI avr\u00e0 validato le tue fatture emesse ed avrai verificato visivamente le fatture ricevute Contabilit\u00e0 OnLine provveder\u00e0 automaticamente all&#8217;invio dell\u2019XML\u00a0delle varie fatture al tuo Commercialista per la loro registrazione e conservazione.<\/p>\n<p>Scopri ora le nostre <a href=\"https:\/\/www.reol-services.it\/site\/convenzioni\"><b>CONVENZIONI<\/b><\/a> !<\/p>\n<p style=\"text-align: center;\"><a class=\"main-button medium\" style=\"margin-top: 20px;\" href=\"https:\/\/www.reol-services.it\/site\/prezzi#contabilita-online\">Vai al listino !<\/a><\/p>\n<p style=\"text-align: center;\">\n<div class=\"layout servizi-last-cta\"><div class=\"col50 \"><div class=\"registrati-sc\"><a class=\"main-button\" href=\"https:\/\/www.reol-services.it\/site\/registrazione\"><div class=\"mobile-icon\"><span class=\"fa fa-user-plus\"><\/span><\/div><div class=\"icon-group\"><span class=\"fa fa-user-plus\"><\/span><\/div>Prova senza impegno tutti i nostri servizi per 30 giorni !<\/a><\/div><\/p>\n<p><\/div><div class=\"col50 last\"><div class=\"assistenza-sc\"><a class=\"main-button\" href=\"https:\/\/www.reol-services.it\/site\/contatti\"><div class=\"mobile-icon\"><span class=\"fa fa-phone\"><\/span><span class=\"fa fa-comment\"><\/span><\/div>Desidero maggiori informazioni. Contattatemi !<div class=\"icon-group\"><span class=\"fa fa-comment\"><\/span><span class=\"fa fa-phone\"><\/span><\/div><\/a><\/div><\/div><\/div><\/p>\n","protected":false},"excerpt":{"rendered":"<p>Questo servizio \u00e8 dedicato a tutti coloro che desiderano tenere sotto controllo l&#8217;andamento dalla propria azienda mediante una gestione contabile ed amministrativa organizzata ma senza per questo dover acquistare dei costosi programmi o utilizzare strumenti generici come ad esempio Word o Excel. Con Contabilit\u00e0 OnLine potrai finalmente organizzare e velocizzare la normale gestione amministrativa condividendone [&hellip;]<\/p>\n","protected":false},"author":1,"featured_media":0,"parent":6,"menu_order":0,"comment_status":"closed","ping_status":"closed","template":"template-servizio.php","meta":[],"acf":[],"yoast_head":"<!-- This site is optimized with the Yoast SEO plugin v20.10 - https:\/\/yoast.com\/wordpress\/plugins\/seo\/ -->\n<title>Contabilit\u00e0 Online - REOL Services<\/title>\n<meta name=\"description\" content=\"Un servizio online semplice ed intuitivo per l\u2019emissione delle fatture, le registrazioni in prima nota e per tenere sotto controllo il Budget aziendale\" \/>\n<meta name=\"robots\" content=\"index, follow, max-snippet:-1, max-image-preview:large, max-video-preview:-1\" \/>\n<link rel=\"canonical\" href=\"https:\/\/www.reol-services.it\/site\/i-nostri-servizi\/contabilita-online\" \/>\n<meta property=\"og:locale\" content=\"it_IT\" \/>\n<meta property=\"og:type\" content=\"article\" \/>\n<meta property=\"og:title\" content=\"Contabilit\u00e0 Online - REOL Services\" \/>\n<meta property=\"og:description\" content=\"Un servizio online semplice ed intuitivo per l\u2019emissione delle fatture, le registrazioni in prima nota e per tenere sotto controllo il Budget aziendale\" \/>\n<meta property=\"og:url\" content=\"https:\/\/www.reol-services.it\/site\/i-nostri-servizi\/contabilita-online\" \/>\n<meta property=\"og:site_name\" content=\"REOL Services\" \/>\n<meta property=\"article:publisher\" content=\"https:\/\/www.facebook.com\/reolservicesit\/\" \/>\n<meta property=\"article:modified_time\" content=\"2023-07-05T08:38:32+00:00\" \/>\n<meta property=\"og:image\" content=\"https:\/\/www.reol-services.it\/site\/wp-content\/uploads\/2017\/02\/contabilita-banner-social.jpg\" \/>\n<meta name=\"twitter:card\" content=\"summary_large_image\" \/>\n<meta name=\"twitter:site\" content=\"@reolservicesit\" \/>\n<meta name=\"twitter:label1\" content=\"Tempo di lettura stimato\" \/>\n\t<meta name=\"twitter:data1\" content=\"4 minuti\" \/>\n<script type=\"application\/ld+json\" class=\"yoast-schema-graph\">{\"@context\":\"https:\/\/schema.org\",\"@graph\":[{\"@type\":\"WebPage\",\"@id\":\"https:\/\/www.reol-services.it\/site\/i-nostri-servizi\/contabilita-online\",\"url\":\"https:\/\/www.reol-services.it\/site\/i-nostri-servizi\/contabilita-online\",\"name\":\"Contabilit\u00e0 Online - REOL Services\",\"isPartOf\":{\"@id\":\"https:\/\/www.reol-services.it\/site\/#website\"},\"datePublished\":\"2016-09-21T09:48:45+00:00\",\"dateModified\":\"2023-07-05T08:38:32+00:00\",\"description\":\"Un servizio online semplice ed intuitivo per l\u2019emissione delle fatture, le registrazioni in prima nota e per tenere sotto controllo il Budget aziendale\",\"breadcrumb\":{\"@id\":\"https:\/\/www.reol-services.it\/site\/i-nostri-servizi\/contabilita-online#breadcrumb\"},\"inLanguage\":\"it-IT\",\"potentialAction\":[{\"@type\":\"ReadAction\",\"target\":[\"https:\/\/www.reol-services.it\/site\/i-nostri-servizi\/contabilita-online\"]}]},{\"@type\":\"BreadcrumbList\",\"@id\":\"https:\/\/www.reol-services.it\/site\/i-nostri-servizi\/contabilita-online#breadcrumb\",\"itemListElement\":[{\"@type\":\"ListItem\",\"position\":1,\"name\":\"Home\",\"item\":\"https:\/\/www.reol-services.it\/site\/\"},{\"@type\":\"ListItem\",\"position\":2,\"name\":\"I nostri servizi\",\"item\":\"https:\/\/www.reol-services.it\/site\/i-nostri-servizi\"},{\"@type\":\"ListItem\",\"position\":3,\"name\":\"Contabilit\u00e0 Online\"}]},{\"@type\":\"WebSite\",\"@id\":\"https:\/\/www.reol-services.it\/site\/#website\",\"url\":\"https:\/\/www.reol-services.it\/site\/\",\"name\":\"REOL Services\",\"description\":\"Il portale dei servizi OnLine per Agenti Immobiliari\",\"potentialAction\":[{\"@type\":\"SearchAction\",\"target\":{\"@type\":\"EntryPoint\",\"urlTemplate\":\"https:\/\/www.reol-services.it\/site\/?s={search_term_string}\"},\"query-input\":\"required name=search_term_string\"}],\"inLanguage\":\"it-IT\"}]}<\/script>\n<!-- \/ Yoast SEO plugin. -->","yoast_head_json":{"title":"Contabilit\u00e0 Online - REOL Services","description":"Un servizio online semplice ed intuitivo per l\u2019emissione delle fatture, le registrazioni in prima nota e per tenere sotto controllo il Budget aziendale","robots":{"index":"index","follow":"follow","max-snippet":"max-snippet:-1","max-image-preview":"max-image-preview:large","max-video-preview":"max-video-preview:-1"},"canonical":"https:\/\/www.reol-services.it\/site\/i-nostri-servizi\/contabilita-online","og_locale":"it_IT","og_type":"article","og_title":"Contabilit\u00e0 Online - REOL Services","og_description":"Un servizio online semplice ed intuitivo per l\u2019emissione delle fatture, le registrazioni in prima nota e per tenere sotto controllo il Budget aziendale","og_url":"https:\/\/www.reol-services.it\/site\/i-nostri-servizi\/contabilita-online","og_site_name":"REOL Services","article_publisher":"https:\/\/www.facebook.com\/reolservicesit\/","article_modified_time":"2023-07-05T08:38:32+00:00","og_image":[{"url":"https:\/\/www.reol-services.it\/site\/wp-content\/uploads\/2017\/02\/contabilita-banner-social.jpg"}],"twitter_card":"summary_large_image","twitter_site":"@reolservicesit","twitter_misc":{"Tempo di lettura stimato":"4 minuti"},"schema":{"@context":"https:\/\/schema.org","@graph":[{"@type":"WebPage","@id":"https:\/\/www.reol-services.it\/site\/i-nostri-servizi\/contabilita-online","url":"https:\/\/www.reol-services.it\/site\/i-nostri-servizi\/contabilita-online","name":"Contabilit\u00e0 Online - REOL Services","isPartOf":{"@id":"https:\/\/www.reol-services.it\/site\/#website"},"datePublished":"2016-09-21T09:48:45+00:00","dateModified":"2023-07-05T08:38:32+00:00","description":"Un servizio online semplice ed intuitivo per l\u2019emissione delle fatture, le registrazioni in prima nota e per tenere sotto controllo il Budget aziendale","breadcrumb":{"@id":"https:\/\/www.reol-services.it\/site\/i-nostri-servizi\/contabilita-online#breadcrumb"},"inLanguage":"it-IT","potentialAction":[{"@type":"ReadAction","target":["https:\/\/www.reol-services.it\/site\/i-nostri-servizi\/contabilita-online"]}]},{"@type":"BreadcrumbList","@id":"https:\/\/www.reol-services.it\/site\/i-nostri-servizi\/contabilita-online#breadcrumb","itemListElement":[{"@type":"ListItem","position":1,"name":"Home","item":"https:\/\/www.reol-services.it\/site\/"},{"@type":"ListItem","position":2,"name":"I nostri servizi","item":"https:\/\/www.reol-services.it\/site\/i-nostri-servizi"},{"@type":"ListItem","position":3,"name":"Contabilit\u00e0 Online"}]},{"@type":"WebSite","@id":"https:\/\/www.reol-services.it\/site\/#website","url":"https:\/\/www.reol-services.it\/site\/","name":"REOL Services","description":"Il portale dei servizi OnLine per Agenti Immobiliari","potentialAction":[{"@type":"SearchAction","target":{"@type":"EntryPoint","urlTemplate":"https:\/\/www.reol-services.it\/site\/?s={search_term_string}"},"query-input":"required name=search_term_string"}],"inLanguage":"it-IT"}]}},"_links":{"self":[{"href":"https:\/\/www.reol-services.it\/site\/wp-json\/wp\/v2\/pages\/42"}],"collection":[{"href":"https:\/\/www.reol-services.it\/site\/wp-json\/wp\/v2\/pages"}],"about":[{"href":"https:\/\/www.reol-services.it\/site\/wp-json\/wp\/v2\/types\/page"}],"author":[{"embeddable":true,"href":"https:\/\/www.reol-services.it\/site\/wp-json\/wp\/v2\/users\/1"}],"replies":[{"embeddable":true,"href":"https:\/\/www.reol-services.it\/site\/wp-json\/wp\/v2\/comments?post=42"}],"version-history":[{"count":30,"href":"https:\/\/www.reol-services.it\/site\/wp-json\/wp\/v2\/pages\/42\/revisions"}],"predecessor-version":[{"id":1120,"href":"https:\/\/www.reol-services.it\/site\/wp-json\/wp\/v2\/pages\/42\/revisions\/1120"}],"up":[{"embeddable":true,"href":"https:\/\/www.reol-services.it\/site\/wp-json\/wp\/v2\/pages\/6"}],"wp:attachment":[{"href":"https:\/\/www.reol-services.it\/site\/wp-json\/wp\/v2\/media?parent=42"}],"curies":[{"name":"wp","href":"https:\/\/api.w.org\/{rel}","templated":true}]}}